{"id":51043,"date":"2022-06-28T16:06:13","date_gmt":"2022-06-28T14:06:13","guid":{"rendered":"https:\/\/www.faeteda.org\/cookies-policy\/"},"modified":"2022-09-19T13:04:04","modified_gmt":"2022-09-19T11:04:04","slug":"cookies-policy","status":"publish","type":"page","link":"https:\/\/ubicarte.faeteda.org\/en\/cookies-policy\/","title":{"rendered":"Cookies policy"},"content":{"rendered":"<div class=\"fusion-fullwidth fullwidth-box fusion-builder-row-1 nonhundred-percent-fullwidth non-hundred-percent-height-scrolling\" style=\"--awb-border-radius-top-left:0px;--awb-border-radius-top-right:0px;--awb-border-radius-bottom-right:0px;--awb-border-radius-bottom-left:0px;--awb-flex-wrap:wrap;\" ><div class=\"fusion-builder-row fusion-row\"><div class=\"fusion-layout-column fusion_builder_column fusion-builder-column-0 fusion_builder_column_1_1 1_1 fusion-one-full fusion-column-first fusion-column-last\" style=\"--awb-bg-size:cover;\"><div class=\"fusion-column-wrapper fusion-flex-column-wrapper-legacy\"><div class=\"fusion-title title fusion-title-1 sep-underline sep-dashed fusion-title-text fusion-title-size-one\" style=\"--awb-margin-top-small:0px;--awb-margin-right-small:0px;--awb-margin-bottom-small:20px;--awb-margin-left-small:0px;\"><h1 class=\"fusion-title-heading title-heading-left fusion-responsive-typography-calculated\" style=\"margin:0;--fontSize:44;line-height:1.25;\"><h3 style=\"text-align: center;\"><span style=\"color: #af2f43;\"><strong>COOKIES POLICY<\/strong><\/span><\/h3><\/h1><\/div><div class=\"fusion-title title fusion-title-2 fusion-sep-none fusion-title-text fusion-title-size-one\" style=\"--awb-margin-top:30px;--awb-margin-top-small:0px;--awb-margin-right-small:0px;--awb-margin-bottom-small:20px;--awb-margin-left-small:0px;\"><h1 class=\"fusion-title-heading title-heading-left fusion-responsive-typography-calculated\" style=\"margin:0;--fontSize:44;line-height:1.25;\"><h5><span style=\"color: #af2f43;\"><strong>Introduction<\/strong><\/span><\/h5><\/h1><\/div><div class=\"fusion-text fusion-text-1\" style=\"--awb-margin-top:-18px;\"><p>By means of this notice this website <a href=\"http:\/\/www.faeteda.org\" target=\"_blank\" rel=\"noopener\"><strong>www.faeteda.org<\/strong><\/a> and its owner FAETEDA (State Federation of Associations of Theatre and Dance Companies) informs you of its <u>policy of collecting and processing cookies<\/u>, in compliance with the provisions of Article 22.2 of Law 34\/2002 of 11 July on Information Society Services and Electronic Commerce.<\/p>\n<\/div><div class=\"fusion-title title fusion-title-3 fusion-sep-none fusion-title-text fusion-title-size-one\" style=\"--awb-margin-top:30px;--awb-margin-top-small:0px;--awb-margin-right-small:0px;--awb-margin-bottom-small:20px;--awb-margin-left-small:0px;\"><h1 class=\"fusion-title-heading title-heading-left fusion-responsive-typography-calculated\" style=\"margin:0;--fontSize:44;line-height:1.25;\"><h5><span style=\"color: #af2f43;\"><strong>Cookie definition<\/strong><\/span><\/h5><\/h1><\/div><div class=\"fusion-text fusion-text-2\" style=\"--awb-margin-top:-18px;\"><p>Cookie is a file that is downloaded to your Computer\/Smartphone\/Tablet when accessing certain web pages.<\/p>\n<p>Cookies allow a web page, among other things, to store and retrieve information about the browsing habits of a User or their equipment and, depending on the information they contain and the way in which they use their equipment, they can be used to recognize to user.<\/p>\n<p>The User&#8217;s browser memorizes cookies on the hard drive only during the current session, occupying a minimum memory space and not harming your computer.<\/p>\n<p>Cookies do not contain any kind of specific personal information and most of them are deleted from the hard drive at the end of the browser session (so-called session cookies).<\/p>\n<p>Most browsers accept cookies as standard and, regardless of them, allow or prevent temporary or stored cookies in the security settings.<\/p>\n<p>Without your express consent, by activating cookies in your browser, <strong>FAETEDA (State Federation of Associations of Theater and Dance Companies)<\/strong> will not link the stored data with your personal data provided in the cookies. the time of registration or purchase.<\/p>\n<p>There are <strong>different types of cookies<\/strong>, depending on their ownership (own or third party) or their purpose (session, persistent, technical, personalization, analysis or advertising cookies, among others).<\/p>\n<ul>\n<li><strong>Session cookies. <\/strong>Also called transitory cookies, they are those that are deleted when the User closes the web browser. A session cookie is stored in temporary memory and the data obtained is only collected while the User is browsing the web page.<\/li>\n<li><strong>Analysis cookies.<\/strong> They are those that, well treated by us or by third parties, allow us to quantify the number of Users and thus carry out the measurement and statistical analysis of the use made by Users of the service offered. For this, your browsing on our website is analyzed in order to improve the offer of products or services that we offer you.<\/li>\n<li><strong>Technical cookies.<\/strong> They are those that allow the User to navigate through a web page, platform or application, and the use of the different options or services that exist in it, such as, for example, control the traffic and data communication, identify the session, access restricted access parts, remember the elements that make up an order, carry out the purchase process of an order, make the request for registration or participation in an event, use elements security while browsing, store content for broadcasting videos or sound, or share content through social networks.<\/li>\n<li><strong>Personalization Cookies.<\/strong> They are those that allow the User to access the service with some predefined general characteristics based on a series of criteria in the User&#8217;s terminal, such as the language or the type of browser through which you connect to the service, the regional configuration from which you access the service, etc.<\/li>\n<li><strong>Advertising cookies.<\/strong> These are those that, either processed by this website or by third parties, allow us to manage as effectively as possible the offer of advertising spaces on the website, adapting the content of the advertisement to the content of the service requested or to the use you make of our website. To do this, we can analyse your browsing habits on the Internet and we can show you advertising related to your browsing profile.<\/li>\n<li><strong>Behavioral advertising cookies.<\/strong> They are those that allow most efficient possible management of the advertising spaces that, where appropriate, the publisher has included on a website, application or platform from which the requested service is provided. This type of cookie stores information on the behaviour of visitors, obtained through the continuous observation of their browsing habits, which allows a specific profile to be developed in order to display advertisements based on the same.<\/li>\n<li><strong>Third party cookies. <\/strong>The website of <strong>FAETEDA (State Federation of Associations of Theater and Dance Companies)<\/strong> may use third-party services that, on behalf of <strong>FAETEDA<\/strong>, will collect information with statistical purposes, use of the website by the User and for the provision of other services related to the activity of the website and other internet services.\n<ul>\n<li>In particular, this website uses <strong>Google Analytics<\/strong>, a web analytics service provided by Google, Inc. domiciled in the United States, with headquarters at 1600 Amphitheater Parkway, Mountain View, California 94043. To provide these services, they use cookies that collect information, including the user&#8217;s IP address, which will be transmitted, processed and stored by Google in the terms set out on the web <a href=\"http:\/\/www.google.com\" target=\"_blank\" rel=\"noopener\">www.google.com<\/a>. Including the possible transmission of said information to third parties for reasons of legal requirement or when said third parties process the information on behalf of Google.<\/li>\n<li>In addition, this web page is a user of <strong>WordPress<\/strong>, which is a content management system focused on the creation of the web page and which is owned by the North American company Automattic, Inc. It is developed in the language <a href=\"https:\/\/en.wikipedia.org\/wiki\/PHP\" target=\"_blank\" rel=\"noopener\">PHP<\/a> for environments running <a href=\"https:\/ \/en.wikipedia.org\/wiki\/MySQL\" target=\"_blank\" rel=\"noopener\">MySQL<\/a> and <a href=\"https:\/\/en.wikipedia.org\/wiki\/Apache_HTTP_Server\" target=\" _blank\" rel=\"noopener\">Apache<\/a>, licensed under <a href=\"https:\/\/en.wikipedia.org\/wiki\/GNU_General_Public_License\" target=\"_blank\" rel=\"noopener\">GPL <\/a>and it is <a href=\"https:\/\/es.wikipedia.org\/wiki\/Software_libre\" target=\"_blank\" rel=\"noopener\">free software<\/a>. For these purposes, the use of such cookies by the systems is never under the control or management of the person responsible for the web, they can change their function at any time and enter new cookies. These cookies do not report any benefit to the person responsible for this website. Automattic, Inc., also uses other cookies in order to help identify and track visitors to WordPress sites, learn about their use of the Automattic website, as well as their access preferences, such and as collected in the &#8220;Cookies&#8221; section of your website.<\/li>\n<\/ul>\n<\/li>\n<li><strong>Social network cookies. <\/strong>Social network cookies may be stored in your browser while you browse <a href=\"http:\/\/www.faeteda.org\" target=\"_blank\" rel=\"noopener\"><strong>www.faeteda.org<\/strong><\/a>, for example, when you use the share button of <a href=\"http:\/\/www.faeteda.org\" target=\"_blank\" rel=\"noopener\"><strong> www.faeteda.org <\/strong><\/a>on a social network. The companies that generate these cookies corresponding to the social networks used by this website have their own cookie policies.\n<ul>\n<li><strong>Facebook.<\/strong> <a href=\"https:\/\/www.facebook.com\/policies\/cookies\/\" target=\"_blank\" rel=\"noopener\">https:\/\/www.facebook .com\/policies\/cookies\/<\/a><\/li>\n<li><strong>Twitter.<\/strong> <a href=\"https:\/\/twitter.com\/en\/privacy\" target=\"_blank\" rel=\"noopener\">https:\/\/twitter.com\/en\/ privacy<\/a><\/li>\n<li><strong>Instagram.<\/strong> <a href=\"https:\/\/help.instagram.com\/1896641480634370?ref=ig\" target=\"_blank\" rel=\"noopener\">https:\/\/help. instagram.com\/1896641480634370?ref=ig<\/a><\/li>\n<li><strong>Youtube.<\/strong> <a href=\"https:\/\/www.youtube.com\/intl\/es\/yt\/about\/policies\/#community-guidelines\" target=\"_blank\" rel=\"noopener\">https:\/\/www.youtube.com\/intl\/es\/yt\/about\/policies\/#community-guidelines<\/a><\/li>\n<li><strong>Google+ and Google Maps.<\/strong> <a href=\"https:\/\/policies.google.com\/technologies\/cookies?hl=es\" target=\"_blank\" rel=\"noopener\">https :\/\/policies.google.com\/technologies\/cookies?hl=es<\/a><\/li>\n<li><strong>LinkedIn.<\/strong> <a href=\"https:\/\/www.linkedin.com\/legal\/cookie-policy?trk=hp-cookies\" target=\"_blank\" rel=\"noopener\"> https:\/\/www.linkedin.com\/legal\/cookie-policy?trk=hp-cookies<\/a><\/li>\n<li><strong>WordPress.<\/strong> <a href=\"https:\/\/es.wordpress.org\/about\/privacy\/\" target=\"_blank\" rel=\"noopener\">https:\/\/es.wordpress .org\/about\/privacy\/<\/a><\/li>\n<li><strong>Vimeo.<\/strong> <a href=\"https:\/\/vimeo.com\/privacy\" target=\"_blank\" rel=\"noopener\">https:\/\/vimeo.com\/privacy<\/a><\/li>\n<\/ul>\n<\/li>\n<\/ul>\n<\/div><div class=\"fusion-title title fusion-title-4 fusion-sep-none fusion-title-text fusion-title-size-one\" style=\"--awb-margin-top:30px;--awb-margin-top-small:0px;--awb-margin-right-small:0px;--awb-margin-bottom-small:20px;--awb-margin-left-small:0px;\"><h1 class=\"fusion-title-heading title-heading-left fusion-responsive-typography-calculated\" style=\"margin:0;--fontSize:44;line-height:1.25;\"><h5><span style=\"color: #af2f43;\"><strong>Informed consent to the use of cookies<\/strong><\/span><\/h5><\/h1><\/div><div class=\"fusion-text fusion-text-3\" style=\"--awb-margin-top:-18px;\"><p>The User expressly accepts, by using this website, the treatment of the information collected in the manner and for the aforementioned purposes. Likewise, he acknowledges being aware of the possibility of rejecting the processing of such data or information by rejecting the use of cookies by selecting the appropriate configuration for this purpose in his browser. Although this option to block cookies in your browser may not allow you to fully use all the functionalities of the website.<\/p>\n<\/div><div class=\"fusion-title title fusion-title-5 fusion-sep-none fusion-title-text fusion-title-size-one\" style=\"--awb-margin-top:30px;--awb-margin-top-small:0px;--awb-margin-right-small:0px;--awb-margin-bottom-small:20px;--awb-margin-left-small:0px;\"><h1 class=\"fusion-title-heading title-heading-left fusion-responsive-typography-calculated\" style=\"margin:0;--fontSize:44;line-height:1.25;\"><h5><span style=\"color: #af2f43;\"><strong>Instructions to disable cookies<\/strong><\/span><\/h5><\/h1><\/div><div class=\"fusion-text fusion-text-4\" style=\"--awb-margin-top:-18px;\"><p>You can allow, block or delete the cookies installed on your computer by configuring the browser options installed on your computer.<\/p>\n<p>Most web browsers offer the possibility of allowing, blocking or deleting the cookies installed on your computer.<\/p>\n<p>Next, you can access the configuration of the most frequent web browsers to accept, install or disable cookies:<\/p>\n<ul>\n<li><a href=\"https:\/\/support.google.com\/chrome\/answer\/95647?hl=es\" target=\"_blank\" rel=\"noopener\">Set cookies in Google Chrome<\/a><\/li>\n<li><a href=\"http:\/\/windows.microsoft.com\/es-es\/windows7\/how-to-manage-cookies-in-internet-explorer-9\" target=\"_blank\" rel=\"noopener\">Set cookies in Microsoft Internet Explorer<\/a><\/li>\n<li><a href=\"https:\/\/support.mozilla.org\/es\/kb\/habilitar-y-deshabilitar-cookies-sitios-web-rastrear-preferencias?redirectlocale=es&amp;redirectslug=habilitar-y-deshabilitar-cookies-que-los-sitios-we\" target=\"_blank\" rel=\"noopener\">Configure cookies in Mozilla Firefox<\/a><\/li>\n<li><a href=\"https:\/\/support.apple.com\/es-es\/HT201265\" target=\"_blank\" rel=\"noopener\">Set cookies in Safari (Apple)<\/a><\/li>\n<\/ul>\n<p>If you have questions about this cookie policy, you can contact <strong>FAETEDA (State Federation of Associations of Theater and Dance Companies)<\/strong> at <a href=\"mailto:info@faeteda.org\" target=\" _blank\" rel=\"noopener\">info@faeteda.org<\/a><\/p>\n<p>You can consult the regulations on cookies published by the Spanish Agency for Data Protection in its <strong>\u201cGuide on the use of cookies\u201d<\/strong> and obtain more information about cookies on the internet: <strong><a href=\"http:\/\/www.aboutcookies.org\/\" target=\"_blank\" rel=\"noopener\">http:\/\/www.aboutcookies.org\/<\/a><\/strong><\/p>\n<\/div><div class=\"fusion-clearfix\"><\/div><\/div><\/div><\/div><\/div>\n","protected":false},"excerpt":{"rendered":"","protected":false},"author":2,"featured_media":0,"parent":0,"menu_order":0,"comment_status":"closed","ping_status":"closed","template":"","meta":{"footnotes":""},"class_list":["post-51043","page","type-page","status-publish","hentry"],"yoast_head":"<!-- This site is optimized with the Yoast SEO plugin v27.5 - https:\/\/yoast.com\/product\/yoast-seo-wordpress\/ -->\n<title>Cookies policy - Ubicarte<\/title>\n<meta name=\"robots\" content=\"index, follow, max-snippet:-1, max-image-preview:large, max-video-preview:-1\" \/>\n<link rel=\"canonical\" href=\"https:\/\/ubicarte.faeteda.org\/en\/cookies-policy\/\" \/>\n<meta property=\"og:locale\" content=\"en_US\" \/>\n<meta property=\"og:type\" content=\"article\" \/>\n<meta property=\"og:title\" content=\"Cookies policy - Ubicarte\" \/>\n<meta property=\"og:url\" content=\"https:\/\/ubicarte.faeteda.org\/en\/cookies-policy\/\" \/>\n<meta property=\"og:site_name\" content=\"Ubicarte\" \/>\n<meta property=\"article:modified_time\" content=\"2022-09-19T11:04:04+00:00\" \/>\n<meta name=\"twitter:card\" content=\"summary_large_image\" \/>\n<meta name=\"twitter:label1\" content=\"Est. reading time\" \/>\n\t<meta name=\"twitter:data1\" content=\"9 minutes\" \/>\n<script type=\"application\/ld+json\" class=\"yoast-schema-graph\">{\"@context\":\"https:\\\/\\\/schema.org\",\"@graph\":[{\"@type\":\"WebPage\",\"@id\":\"https:\\\/\\\/ubicarte.faeteda.org\\\/en\\\/cookies-policy\\\/\",\"url\":\"https:\\\/\\\/ubicarte.faeteda.org\\\/en\\\/cookies-policy\\\/\",\"name\":\"Cookies policy - Ubicarte\",\"isPartOf\":{\"@id\":\"https:\\\/\\\/ubicarte.faeteda.org\\\/en\\\/#website\"},\"datePublished\":\"2022-06-28T14:06:13+00:00\",\"dateModified\":\"2022-09-19T11:04:04+00:00\",\"breadcrumb\":{\"@id\":\"https:\\\/\\\/ubicarte.faeteda.org\\\/en\\\/cookies-policy\\\/#breadcrumb\"},\"inLanguage\":\"en-US\",\"potentialAction\":[{\"@type\":\"ReadAction\",\"target\":[\"https:\\\/\\\/ubicarte.faeteda.org\\\/en\\\/cookies-policy\\\/\"]}]},{\"@type\":\"BreadcrumbList\",\"@id\":\"https:\\\/\\\/ubicarte.faeteda.org\\\/en\\\/cookies-policy\\\/#breadcrumb\",\"itemListElement\":[{\"@type\":\"ListItem\",\"position\":1,\"name\":\"Portada\",\"item\":\"https:\\\/\\\/ubicarte.faeteda.org\\\/en\\\/\"},{\"@type\":\"ListItem\",\"position\":2,\"name\":\"Cookies policy\"}]},{\"@type\":\"WebSite\",\"@id\":\"https:\\\/\\\/ubicarte.faeteda.org\\\/en\\\/#website\",\"url\":\"https:\\\/\\\/ubicarte.faeteda.org\\\/en\\\/\",\"name\":\"Ubicarte Faeteda\",\"description\":\"Mapa interactivo de las artes esc\u00e9nicas y de la m\u00fasica en Espa\u00f1a\",\"publisher\":{\"@id\":\"https:\\\/\\\/ubicarte.faeteda.org\\\/en\\\/#organization\"},\"potentialAction\":[{\"@type\":\"SearchAction\",\"target\":{\"@type\":\"EntryPoint\",\"urlTemplate\":\"https:\\\/\\\/ubicarte.faeteda.org\\\/en\\\/?s={search_term_string}\"},\"query-input\":{\"@type\":\"PropertyValueSpecification\",\"valueRequired\":true,\"valueName\":\"search_term_string\"}}],\"inLanguage\":\"en-US\"},{\"@type\":\"Organization\",\"@id\":\"https:\\\/\\\/ubicarte.faeteda.org\\\/en\\\/#organization\",\"name\":\"Ubicarte Faeteda\",\"url\":\"https:\\\/\\\/ubicarte.faeteda.org\\\/en\\\/\",\"logo\":{\"@type\":\"ImageObject\",\"inLanguage\":\"en-US\",\"@id\":\"https:\\\/\\\/ubicarte.faeteda.org\\\/en\\\/#\\\/schema\\\/logo\\\/image\\\/\",\"url\":\"https:\\\/\\\/ubicarte.faeteda.org\\\/wp-content\\\/uploads\\\/2021\\\/06\\\/Ubicarte.jpg\",\"contentUrl\":\"https:\\\/\\\/ubicarte.faeteda.org\\\/wp-content\\\/uploads\\\/2021\\\/06\\\/Ubicarte.jpg\",\"width\":372,\"height\":52,\"caption\":\"Ubicarte Faeteda\"},\"image\":{\"@id\":\"https:\\\/\\\/ubicarte.faeteda.org\\\/en\\\/#\\\/schema\\\/logo\\\/image\\\/\"}}]}<\/script>\n<!-- \/ Yoast SEO plugin. -->","yoast_head_json":{"title":"Cookies policy - Ubicarte","robots":{"index":"index","follow":"follow","max-snippet":"max-snippet:-1","max-image-preview":"max-image-preview:large","max-video-preview":"max-video-preview:-1"},"canonical":"https:\/\/ubicarte.faeteda.org\/en\/cookies-policy\/","og_locale":"en_US","og_type":"article","og_title":"Cookies policy - Ubicarte","og_url":"https:\/\/ubicarte.faeteda.org\/en\/cookies-policy\/","og_site_name":"Ubicarte","article_modified_time":"2022-09-19T11:04:04+00:00","twitter_card":"summary_large_image","twitter_misc":{"Est. reading time":"9 minutes"},"schema":{"@context":"https:\/\/schema.org","@graph":[{"@type":"WebPage","@id":"https:\/\/ubicarte.faeteda.org\/en\/cookies-policy\/","url":"https:\/\/ubicarte.faeteda.org\/en\/cookies-policy\/","name":"Cookies policy - Ubicarte","isPartOf":{"@id":"https:\/\/ubicarte.faeteda.org\/en\/#website"},"datePublished":"2022-06-28T14:06:13+00:00","dateModified":"2022-09-19T11:04:04+00:00","breadcrumb":{"@id":"https:\/\/ubicarte.faeteda.org\/en\/cookies-policy\/#breadcrumb"},"inLanguage":"en-US","potentialAction":[{"@type":"ReadAction","target":["https:\/\/ubicarte.faeteda.org\/en\/cookies-policy\/"]}]},{"@type":"BreadcrumbList","@id":"https:\/\/ubicarte.faeteda.org\/en\/cookies-policy\/#breadcrumb","itemListElement":[{"@type":"ListItem","position":1,"name":"Portada","item":"https:\/\/ubicarte.faeteda.org\/en\/"},{"@type":"ListItem","position":2,"name":"Cookies policy"}]},{"@type":"WebSite","@id":"https:\/\/ubicarte.faeteda.org\/en\/#website","url":"https:\/\/ubicarte.faeteda.org\/en\/","name":"Ubicarte Faeteda","description":"Mapa interactivo de las artes esc\u00e9nicas y de la m\u00fasica en Espa\u00f1a","publisher":{"@id":"https:\/\/ubicarte.faeteda.org\/en\/#organization"},"potentialAction":[{"@type":"SearchAction","target":{"@type":"EntryPoint","urlTemplate":"https:\/\/ubicarte.faeteda.org\/en\/?s={search_term_string}"},"query-input":{"@type":"PropertyValueSpecification","valueRequired":true,"valueName":"search_term_string"}}],"inLanguage":"en-US"},{"@type":"Organization","@id":"https:\/\/ubicarte.faeteda.org\/en\/#organization","name":"Ubicarte Faeteda","url":"https:\/\/ubicarte.faeteda.org\/en\/","logo":{"@type":"ImageObject","inLanguage":"en-US","@id":"https:\/\/ubicarte.faeteda.org\/en\/#\/schema\/logo\/image\/","url":"https:\/\/ubicarte.faeteda.org\/wp-content\/uploads\/2021\/06\/Ubicarte.jpg","contentUrl":"https:\/\/ubicarte.faeteda.org\/wp-content\/uploads\/2021\/06\/Ubicarte.jpg","width":372,"height":52,"caption":"Ubicarte Faeteda"},"image":{"@id":"https:\/\/ubicarte.faeteda.org\/en\/#\/schema\/logo\/image\/"}}]}},"_links":{"self":[{"href":"https:\/\/ubicarte.faeteda.org\/en\/wp-json\/wp\/v2\/pages\/51043","targetHints":{"allow":["GET"]}}],"collection":[{"href":"https:\/\/ubicarte.faeteda.org\/en\/wp-json\/wp\/v2\/pages"}],"about":[{"href":"https:\/\/ubicarte.faeteda.org\/en\/wp-json\/wp\/v2\/types\/page"}],"author":[{"embeddable":true,"href":"https:\/\/ubicarte.faeteda.org\/en\/wp-json\/wp\/v2\/users\/2"}],"replies":[{"embeddable":true,"href":"https:\/\/ubicarte.faeteda.org\/en\/wp-json\/wp\/v2\/comments?post=51043"}],"version-history":[{"count":0,"href":"https:\/\/ubicarte.faeteda.org\/en\/wp-json\/wp\/v2\/pages\/51043\/revisions"}],"wp:attachment":[{"href":"https:\/\/ubicarte.faeteda.org\/en\/wp-json\/wp\/v2\/media?parent=51043"}],"curies":[{"name":"wp","href":"https:\/\/api.w.org\/{rel}","templated":true}]}}