{"id":51015,"date":"2018-11-26T11:15:42","date_gmt":"2018-11-26T10:15:42","guid":{"rendered":"https:\/\/www.faeteda.org\/contact\/"},"modified":"2023-06-27T12:00:31","modified_gmt":"2023-06-27T10:00:31","slug":"contact","status":"publish","type":"page","link":"https:\/\/ubicarte.faeteda.org\/en\/contact\/","title":{"rendered":"Contact"},"content":{"rendered":"<div class=\"fusion-fullwidth fullwidth-box fusion-builder-row-1 hundred-percent-fullwidth non-hundred-percent-height-scrolling\" style=\"--awb-border-radius-top-left:0px;--awb-border-radius-top-right:0px;--awb-border-radius-bottom-right:0px;--awb-border-radius-bottom-left:0px;--awb-padding-top:0px;--awb-padding-right:0px;--awb-padding-bottom:0px;--awb-padding-left:0px;--awb-flex-wrap:wrap;\" ><div class=\"fusion-builder-row fusion-row\"><div class=\"fusion-layout-column fusion_builder_column fusion-builder-column-0 fusion_builder_column_1_1 1_1 fusion-one-full fusion-column-first fusion-column-last\" style=\"--awb-bg-size:cover;\"><div class=\"fusion-column-wrapper fusion-flex-column-wrapper-legacy\"><div class=\"shortcode-map fusion-google-map fusion-maps-embed-type\"><iframe width=\"100%\" height=\"350px\" frameborder=\"0\" style=\"border:0\" src=\"https:\/\/www.google.com\/maps\/embed\/v1\/place?key=AIzaSyBx3YHmAFk3eGRmPltjEjrfyUYfgwt-rH0&language=en&q=Plaza+de+la+Cebada,+2,+28005+Madrid&maptype=roadmap&zoom=17\" allowfullscreen><\/iframe><\/div><div class=\"fusion-clearfix\"><\/div><\/div><\/div><\/div><\/div><div class=\"fusion-fullwidth fullwidth-box fusion-builder-row-2 nonhundred-percent-fullwidth non-hundred-percent-height-scrolling\" style=\"--awb-border-radius-top-left:0px;--awb-border-radius-top-right:0px;--awb-border-radius-bottom-right:0px;--awb-border-radius-bottom-left:0px;--awb-margin-top:1%;--awb-margin-bottom:1%;--awb-flex-wrap:wrap;\" id=\"contacto\" ><div class=\"fusion-builder-row fusion-row\"><div class=\"fusion-layout-column fusion_builder_column fusion-builder-column-1 fusion_builder_column_1_1 1_1 fusion-one-full fusion-column-first fusion-column-last\" style=\"--awb-bg-size:cover;\"><div class=\"fusion-column-wrapper fusion-flex-column-wrapper-legacy\"><div class=\"fusion-title title fusion-title-1 sep-underline sep-dashed fusion-title-center fusion-title-text fusion-title-size-three\" style=\"--awb-text-color:#af2f43;--awb-margin-top-small:0px;--awb-margin-right-small:0px;--awb-margin-bottom-small:20px;--awb-margin-left-small:0px;--awb-sep-color:#ffffff;\"><h3 class=\"fusion-title-heading title-heading-center fusion-responsive-typography-calculated\" style=\"margin:0;--fontSize:27;line-height:1.3;\">CONTACT<\/h3><\/div><div class=\"fusion-clearfix\"><\/div><\/div><\/div><\/div><\/div><div class=\"fusion-fullwidth fullwidth-box fusion-builder-row-3 nonhundred-percent-fullwidth non-hundred-percent-height-scrolling\" style=\"--awb-border-radius-top-left:0px;--awb-border-radius-top-right:0px;--awb-border-radius-bottom-right:0px;--awb-border-radius-bottom-left:0px;--awb-flex-wrap:wrap;\" ><div class=\"fusion-builder-row fusion-row\"><div class=\"fusion-layout-column fusion_builder_column fusion-builder-column-2 fusion_builder_column_1_6 1_6 fusion-one-sixth fusion-column-first\" style=\"--awb-bg-size:cover;width:16.666666666667%;width:calc(16.666666666667% - ( ( 2% + 2% + 2% ) * 0.16666666666667 ) );margin-right: 2%;\"><div class=\"fusion-column-wrapper fusion-flex-column-wrapper-legacy\"><div class=\"fusion-image-element in-legacy-container\" style=\"--awb-caption-title-font-family:var(--h2_typography-font-family);--awb-caption-title-font-weight:var(--h2_typography-font-weight);--awb-caption-title-font-style:var(--h2_typography-font-style);--awb-caption-title-size:var(--h2_typography-font-size);--awb-caption-title-transform:var(--h2_typography-text-transform);--awb-caption-title-line-height:var(--h2_typography-line-height);--awb-caption-title-letter-spacing:var(--h2_typography-letter-spacing);\"><span class=\" fusion-imageframe imageframe-glow imageframe-1 hover-type-none\" style=\"border:8px solid #f6f6f6;border-radius:150px;-webkit-box-shadow: 0 0 3px rgba(0,0,0,0.3);box-shadow: 0 0 3px rgba(0,0,0,0.3);\"><img loading=\"lazy\" decoding=\"async\" width=\"299\" height=\"300\" title=\"Mari\u0301a\" src=\"https:\/\/www.faeteda.org\/wp-content\/uploads\/2018\/12\/Mari\u0301a.jpg\" alt class=\"img-responsive wp-image-3014\"\/><\/span><\/div><div class=\"fusion-clearfix\"><\/div><\/div><\/div><div class=\"fusion-layout-column fusion_builder_column fusion-builder-column-3 fusion_builder_column_1_6 1_6 fusion-one-sixth\" style=\"--awb-bg-size:cover;width:16.666666666667%;width:calc(16.666666666667% - ( ( 2% + 2% + 2% ) * 0.16666666666667 ) );margin-right: 2%;\"><div class=\"fusion-column-wrapper fusion-flex-column-wrapper-legacy\"><div class=\"fusion-text fusion-text-1\"><div class=\"fusion-person person fusion-person-left fusion-person-icon-top\">\n<div class=\"person-desc\">\n<div class=\"person-author\">\n<p class=\"person-author-wrapper\"><span style=\"color: #333333;\"><br \/>\n<span class=\"person-name\"><strong>Mar\u00eda Carregal<\/strong><\/span><span class=\"person-title\">Gerencia de FAETEDA<\/span><span class=\"person-title\"><a href=\"mailto:gerencia@faeteda.org\" target=\"_self\" rel=\"noopener noreferrer\">gerencia@faeteda.org<\/a><\/span><\/span><\/p>\n<\/div>\n<\/div>\n<\/div>\n<\/div><div class=\"fusion-clearfix\"><\/div><\/div><\/div><div class=\"fusion-layout-column fusion_builder_column fusion-builder-column-4 fusion_builder_column_1_6 1_6 fusion-one-sixth\" style=\"--awb-bg-size:cover;width:16.666666666667%;width:calc(16.666666666667% - ( ( 2% + 2% + 2% ) * 0.16666666666667 ) );margin-right: 2%;\"><div class=\"fusion-column-wrapper fusion-flex-column-wrapper-legacy\"><div class=\"fusion-image-element in-legacy-container\" style=\"--awb-caption-title-font-family:var(--h2_typography-font-family);--awb-caption-title-font-weight:var(--h2_typography-font-weight);--awb-caption-title-font-style:var(--h2_typography-font-style);--awb-caption-title-size:var(--h2_typography-font-size);--awb-caption-title-transform:var(--h2_typography-text-transform);--awb-caption-title-line-height:var(--h2_typography-line-height);--awb-caption-title-letter-spacing:var(--h2_typography-letter-spacing);\"><span class=\" fusion-imageframe imageframe-glow imageframe-2 hover-type-none\" style=\"border:8px solid #f6f6f6;border-radius:150px;-webkit-box-shadow: 0 0 3px rgba(0,0,0,0.3);box-shadow: 0 0 3px rgba(0,0,0,0.3);\"><img decoding=\"async\" src=\"https:\/\/www.faeteda.org\/wp-content\/uploads\/2022\/04\/Carlos-Gosch-Perez-MERCARTES-300x300.png\" alt class=\"img-responsive\"\/><\/span><\/div><div class=\"fusion-clearfix\"><\/div><\/div><\/div><div class=\"fusion-layout-column fusion_builder_column fusion-builder-column-5 fusion_builder_column_1_6 1_6 fusion-one-sixth fusion-column-last\" style=\"--awb-bg-size:cover;width:16.666666666667%;width:calc(16.666666666667% - ( ( 2% + 2% + 2% ) * 0.16666666666667 ) );\"><div class=\"fusion-column-wrapper fusion-flex-column-wrapper-legacy\"><div class=\"fusion-text fusion-text-2\"><div class=\"fusion-person person fusion-person-left fusion-person-icon-top\">\n<div class=\"person-desc\">\n<div class=\"person-author\">\n<p class=\"person-author-wrapper\"><span style=\"color: #333333;\"><br \/>\n<span class=\"person-name\"><strong>Carlos Gosch<\/strong><\/span><span class=\"person-title\">Gesti\u00f3n de Proyectos<\/span><\/span><span style=\"color: #333333;\"><span class=\"person-title\"><a href=\"mailto:proyectos@faeteda.org\">proyectos@faeteda.org<\/a><\/span><\/span><\/p>\n<\/div>\n<\/div>\n<\/div>\n<\/div><div class=\"fusion-clearfix\"><\/div><\/div><\/div><\/div><\/div><div class=\"fusion-fullwidth fullwidth-box fusion-builder-row-4 nonhundred-percent-fullwidth non-hundred-percent-height-scrolling\" style=\"--awb-border-radius-top-left:0px;--awb-border-radius-top-right:0px;--awb-border-radius-bottom-right:0px;--awb-border-radius-bottom-left:0px;--awb-flex-wrap:wrap;\" ><div class=\"fusion-builder-row fusion-row\"><div class=\"fusion-layout-column fusion_builder_column fusion-builder-column-6 fusion_builder_column_1_6 1_6 fusion-one-sixth fusion-column-first\" style=\"--awb-bg-size:cover;width:16.666666666667%;width:calc(16.666666666667% - ( ( 4% + 4% + 2% + 2% + 4% ) * 0.16666666666667 ) );margin-right: 4%;\"><div class=\"fusion-column-wrapper fusion-column-has-shadow fusion-flex-column-wrapper-legacy\"><div class=\"fusion-clearfix\"><\/div><\/div><\/div><div class=\"fusion-layout-column fusion_builder_column fusion-builder-column-7 fusion_builder_column_1_6 1_6 fusion-one-sixth\" style=\"--awb-bg-size:cover;width:16.666666666667%;width:calc(16.666666666667% - ( ( 4% + 4% + 2% + 2% + 4% ) * 0.16666666666667 ) );margin-right: 4%;\"><div class=\"fusion-column-wrapper fusion-column-has-shadow fusion-flex-column-wrapper-legacy\"><div class=\"fusion-clearfix\"><\/div><\/div><\/div><div class=\"fusion-layout-column fusion_builder_column fusion-builder-column-8 fusion_builder_column_1_6 1_6 fusion-one-sixth\" style=\"--awb-bg-size:cover;width:16.666666666667%;width:calc(16.666666666667% - ( ( 4% + 4% + 2% + 2% + 4% ) * 0.16666666666667 ) );margin-right: 2%;\"><div class=\"fusion-column-wrapper fusion-flex-column-wrapper-legacy\"><div class=\"fusion-image-element fusion-image-align-center in-legacy-container\" style=\"text-align:center;--awb-caption-title-font-family:var(--h2_typography-font-family);--awb-caption-title-font-weight:var(--h2_typography-font-weight);--awb-caption-title-font-style:var(--h2_typography-font-style);--awb-caption-title-size:var(--h2_typography-font-size);--awb-caption-title-transform:var(--h2_typography-text-transform);--awb-caption-title-line-height:var(--h2_typography-line-height);--awb-caption-title-letter-spacing:var(--h2_typography-letter-spacing);\"><div class=\"imageframe-align-center\"><span class=\" fusion-imageframe imageframe-glow imageframe-3 hover-type-none\" style=\"-webkit-box-shadow: 0 0 0px rgba(0,0,0,0.3);box-shadow: 0 0 0px rgba(0,0,0,0.3);\"><img loading=\"lazy\" decoding=\"async\" width=\"500\" height=\"500\" title=\"Logo1 (1)\" src=\"https:\/\/www.faeteda.org\/wp-content\/uploads\/2018\/12\/Logo1-1-e1543859837231.jpg\" alt class=\"img-responsive wp-image-3035\"\/><\/span><\/div><\/div><div class=\"fusion-clearfix\"><\/div><\/div><\/div><div class=\"fusion-layout-column fusion_builder_column fusion-builder-column-9 fusion_builder_column_1_6 1_6 fusion-one-sixth\" style=\"--awb-bg-size:cover;width:16.666666666667%;width:calc(16.666666666667% - ( ( 4% + 4% + 2% + 2% + 4% ) * 0.16666666666667 ) );margin-right: 2%;\"><div class=\"fusion-column-wrapper fusion-flex-column-wrapper-legacy\"><div class=\"fusion-text fusion-text-3\"><div class=\"fusion-person person fusion-person-left fusion-person-icon-top\">\n<div class=\"person-desc\">\n<div class=\"person-author\">\n<p class=\"person-author-wrapper\"><span style=\"color: #333333;\"><br \/>\n<span class=\"person-name\"><strong>Contact information<\/strong><\/span><\/span><span style=\"color: #333333;\"><span class=\"person-name\">(+34) 91 819 26 60<\/span><span class=\"person-title\"><a href=\"mailto:gerencia@faeteda.org\" target=\"_self\" rel=\"noopener noreferrer\">info@faeteda.org<\/a><\/span><\/span><\/p>\n<\/div>\n<\/div>\n<\/div>\n<\/div><div class=\"fusion-social-links fusion-social-links-1\" style=\"--awb-margin-top:10px;--awb-margin-right:0px;--awb-margin-bottom:0px;--awb-margin-left:0px;--awb-box-border-top:0px;--awb-box-border-right:0px;--awb-box-border-bottom:0px;--awb-box-border-left:0px;--awb-icon-colors-hover:#af2f43;--awb-box-colors-hover:rgba(232,232,232,0.8);--awb-box-border-color:var(--awb-color3);--awb-box-border-color-hover:var(--awb-color4);\"><div class=\"fusion-social-networks color-type-custom\"><div class=\"fusion-social-networks-wrapper\"><a class=\"fusion-social-network-icon fusion-tooltip fusion-facebook awb-icon-facebook\" style=\"color:#af2f43;font-size:16px;\" title=\"Facebook\" aria-label=\"facebook\" target=\"_blank\" rel=\"noopener noreferrer\" href=\"https:\/\/www.facebook.com\/faeteda\"><\/a><a class=\"fusion-social-network-icon fusion-tooltip fusion-twitter awb-icon-twitter\" style=\"color:#af2f43;font-size:16px;\" title=\"X\" aria-label=\"twitter\" target=\"_blank\" rel=\"noopener noreferrer\" href=\"https:\/\/twitter.com\/faetedaorg\"><\/a><a class=\"fusion-social-network-icon fusion-tooltip fusion-instagram awb-icon-instagram\" style=\"color:#af2f43;font-size:16px;\" title=\"Instagram\" aria-label=\"instagram\" target=\"_blank\" rel=\"noopener noreferrer\" href=\"https:\/\/www.instagram.com\/faeteda\/\"><\/a><\/div><\/div><\/div><div class=\"fusion-clearfix\"><\/div><\/div><\/div><div class=\"fusion-layout-column fusion_builder_column fusion-builder-column-10 fusion_builder_column_1_6 1_6 fusion-one-sixth\" style=\"--awb-bg-size:cover;width:16.666666666667%;width:calc(16.666666666667% - ( ( 4% + 4% + 2% + 2% + 4% ) * 0.16666666666667 ) );margin-right: 4%;\"><div class=\"fusion-column-wrapper fusion-column-has-shadow fusion-flex-column-wrapper-legacy\"><div class=\"fusion-clearfix\"><\/div><\/div><\/div><div class=\"fusion-layout-column fusion_builder_column fusion-builder-column-11 fusion_builder_column_1_6 1_6 fusion-one-sixth fusion-column-last\" style=\"--awb-bg-size:cover;width:16.666666666667%;width:calc(16.666666666667% - ( ( 4% + 4% + 2% + 2% + 4% ) * 0.16666666666667 ) );\"><div class=\"fusion-column-wrapper fusion-column-has-shadow fusion-flex-column-wrapper-legacy\"><div class=\"fusion-clearfix\"><\/div><\/div><\/div><\/div><\/div>\n","protected":false},"excerpt":{"rendered":"","protected":false},"author":2,"featured_media":0,"parent":0,"menu_order":0,"comment_status":"closed","ping_status":"closed","template":"100-width.php","meta":{"footnotes":""},"class_list":["post-51015","page","type-page","status-publish","hentry"],"yoast_head":"<!-- This site is optimized with the Yoast SEO plugin v27.5 - https:\/\/yoast.com\/product\/yoast-seo-wordpress\/ -->\n<title>Contact - Ubicarte<\/title>\n<meta name=\"robots\" content=\"index, follow, max-snippet:-1, max-image-preview:large, max-video-preview:-1\" \/>\n<link rel=\"canonical\" href=\"https:\/\/ubicarte.faeteda.org\/en\/contact\/\" \/>\n<meta property=\"og:locale\" content=\"en_US\" \/>\n<meta property=\"og:type\" content=\"article\" \/>\n<meta property=\"og:title\" content=\"Contact - Ubicarte\" \/>\n<meta property=\"og:url\" content=\"https:\/\/ubicarte.faeteda.org\/en\/contact\/\" \/>\n<meta property=\"og:site_name\" content=\"Ubicarte\" \/>\n<meta property=\"article:modified_time\" content=\"2023-06-27T10:00:31+00:00\" \/>\n<meta name=\"twitter:card\" content=\"summary_large_image\" \/>\n<meta name=\"twitter:label1\" content=\"Est. reading time\" \/>\n\t<meta name=\"twitter:data1\" content=\"14 minutes\" \/>\n<script type=\"application\/ld+json\" class=\"yoast-schema-graph\">{\"@context\":\"https:\\\/\\\/schema.org\",\"@graph\":[{\"@type\":\"WebPage\",\"@id\":\"https:\\\/\\\/ubicarte.faeteda.org\\\/en\\\/contact\\\/\",\"url\":\"https:\\\/\\\/ubicarte.faeteda.org\\\/en\\\/contact\\\/\",\"name\":\"Contact - Ubicarte\",\"isPartOf\":{\"@id\":\"https:\\\/\\\/ubicarte.faeteda.org\\\/en\\\/#website\"},\"datePublished\":\"2018-11-26T10:15:42+00:00\",\"dateModified\":\"2023-06-27T10:00:31+00:00\",\"breadcrumb\":{\"@id\":\"https:\\\/\\\/ubicarte.faeteda.org\\\/en\\\/contact\\\/#breadcrumb\"},\"inLanguage\":\"en-US\",\"potentialAction\":[{\"@type\":\"ReadAction\",\"target\":[\"https:\\\/\\\/ubicarte.faeteda.org\\\/en\\\/contact\\\/\"]}]},{\"@type\":\"BreadcrumbList\",\"@id\":\"https:\\\/\\\/ubicarte.faeteda.org\\\/en\\\/contact\\\/#breadcrumb\",\"itemListElement\":[{\"@type\":\"ListItem\",\"position\":1,\"name\":\"Portada\",\"item\":\"https:\\\/\\\/ubicarte.faeteda.org\\\/en\\\/\"},{\"@type\":\"ListItem\",\"position\":2,\"name\":\"Contact\"}]},{\"@type\":\"WebSite\",\"@id\":\"https:\\\/\\\/ubicarte.faeteda.org\\\/en\\\/#website\",\"url\":\"https:\\\/\\\/ubicarte.faeteda.org\\\/en\\\/\",\"name\":\"Ubicarte Faeteda\",\"description\":\"Mapa interactivo de las artes esc\u00e9nicas y de la m\u00fasica en Espa\u00f1a\",\"publisher\":{\"@id\":\"https:\\\/\\\/ubicarte.faeteda.org\\\/en\\\/#organization\"},\"potentialAction\":[{\"@type\":\"SearchAction\",\"target\":{\"@type\":\"EntryPoint\",\"urlTemplate\":\"https:\\\/\\\/ubicarte.faeteda.org\\\/en\\\/?s={search_term_string}\"},\"query-input\":{\"@type\":\"PropertyValueSpecification\",\"valueRequired\":true,\"valueName\":\"search_term_string\"}}],\"inLanguage\":\"en-US\"},{\"@type\":\"Organization\",\"@id\":\"https:\\\/\\\/ubicarte.faeteda.org\\\/en\\\/#organization\",\"name\":\"Ubicarte Faeteda\",\"url\":\"https:\\\/\\\/ubicarte.faeteda.org\\\/en\\\/\",\"logo\":{\"@type\":\"ImageObject\",\"inLanguage\":\"en-US\",\"@id\":\"https:\\\/\\\/ubicarte.faeteda.org\\\/en\\\/#\\\/schema\\\/logo\\\/image\\\/\",\"url\":\"https:\\\/\\\/ubicarte.faeteda.org\\\/wp-content\\\/uploads\\\/2021\\\/06\\\/Ubicarte.jpg\",\"contentUrl\":\"https:\\\/\\\/ubicarte.faeteda.org\\\/wp-content\\\/uploads\\\/2021\\\/06\\\/Ubicarte.jpg\",\"width\":372,\"height\":52,\"caption\":\"Ubicarte Faeteda\"},\"image\":{\"@id\":\"https:\\\/\\\/ubicarte.faeteda.org\\\/en\\\/#\\\/schema\\\/logo\\\/image\\\/\"}}]}<\/script>\n<!-- \/ Yoast SEO plugin. -->","yoast_head_json":{"title":"Contact - Ubicarte","robots":{"index":"index","follow":"follow","max-snippet":"max-snippet:-1","max-image-preview":"max-image-preview:large","max-video-preview":"max-video-preview:-1"},"canonical":"https:\/\/ubicarte.faeteda.org\/en\/contact\/","og_locale":"en_US","og_type":"article","og_title":"Contact - Ubicarte","og_url":"https:\/\/ubicarte.faeteda.org\/en\/contact\/","og_site_name":"Ubicarte","article_modified_time":"2023-06-27T10:00:31+00:00","twitter_card":"summary_large_image","twitter_misc":{"Est. reading time":"14 minutes"},"schema":{"@context":"https:\/\/schema.org","@graph":[{"@type":"WebPage","@id":"https:\/\/ubicarte.faeteda.org\/en\/contact\/","url":"https:\/\/ubicarte.faeteda.org\/en\/contact\/","name":"Contact - Ubicarte","isPartOf":{"@id":"https:\/\/ubicarte.faeteda.org\/en\/#website"},"datePublished":"2018-11-26T10:15:42+00:00","dateModified":"2023-06-27T10:00:31+00:00","breadcrumb":{"@id":"https:\/\/ubicarte.faeteda.org\/en\/contact\/#breadcrumb"},"inLanguage":"en-US","potentialAction":[{"@type":"ReadAction","target":["https:\/\/ubicarte.faeteda.org\/en\/contact\/"]}]},{"@type":"BreadcrumbList","@id":"https:\/\/ubicarte.faeteda.org\/en\/contact\/#breadcrumb","itemListElement":[{"@type":"ListItem","position":1,"name":"Portada","item":"https:\/\/ubicarte.faeteda.org\/en\/"},{"@type":"ListItem","position":2,"name":"Contact"}]},{"@type":"WebSite","@id":"https:\/\/ubicarte.faeteda.org\/en\/#website","url":"https:\/\/ubicarte.faeteda.org\/en\/","name":"Ubicarte Faeteda","description":"Mapa interactivo de las artes esc\u00e9nicas y de la m\u00fasica en Espa\u00f1a","publisher":{"@id":"https:\/\/ubicarte.faeteda.org\/en\/#organization"},"potentialAction":[{"@type":"SearchAction","target":{"@type":"EntryPoint","urlTemplate":"https:\/\/ubicarte.faeteda.org\/en\/?s={search_term_string}"},"query-input":{"@type":"PropertyValueSpecification","valueRequired":true,"valueName":"search_term_string"}}],"inLanguage":"en-US"},{"@type":"Organization","@id":"https:\/\/ubicarte.faeteda.org\/en\/#organization","name":"Ubicarte Faeteda","url":"https:\/\/ubicarte.faeteda.org\/en\/","logo":{"@type":"ImageObject","inLanguage":"en-US","@id":"https:\/\/ubicarte.faeteda.org\/en\/#\/schema\/logo\/image\/","url":"https:\/\/ubicarte.faeteda.org\/wp-content\/uploads\/2021\/06\/Ubicarte.jpg","contentUrl":"https:\/\/ubicarte.faeteda.org\/wp-content\/uploads\/2021\/06\/Ubicarte.jpg","width":372,"height":52,"caption":"Ubicarte Faeteda"},"image":{"@id":"https:\/\/ubicarte.faeteda.org\/en\/#\/schema\/logo\/image\/"}}]}},"_links":{"self":[{"href":"https:\/\/ubicarte.faeteda.org\/en\/wp-json\/wp\/v2\/pages\/51015","targetHints":{"allow":["GET"]}}],"collection":[{"href":"https:\/\/ubicarte.faeteda.org\/en\/wp-json\/wp\/v2\/pages"}],"about":[{"href":"https:\/\/ubicarte.faeteda.org\/en\/wp-json\/wp\/v2\/types\/page"}],"author":[{"embeddable":true,"href":"https:\/\/ubicarte.faeteda.org\/en\/wp-json\/wp\/v2\/users\/2"}],"replies":[{"embeddable":true,"href":"https:\/\/ubicarte.faeteda.org\/en\/wp-json\/wp\/v2\/comments?post=51015"}],"version-history":[{"count":0,"href":"https:\/\/ubicarte.faeteda.org\/en\/wp-json\/wp\/v2\/pages\/51015\/revisions"}],"wp:attachment":[{"href":"https:\/\/ubicarte.faeteda.org\/en\/wp-json\/wp\/v2\/media?parent=51015"}],"curies":[{"name":"wp","href":"https:\/\/api.w.org\/{rel}","templated":true}]}}